{"id":41088,"date":"2025-04-28T23:26:29","date_gmt":"2025-04-28T23:26:29","guid":{"rendered":"https:\/\/wrapstore.mx?post_type=product&#038;p=41088"},"modified":"2026-04-08T22:47:37","modified_gmt":"2026-04-08T22:47:37","slug":"curso-de-wrap-2025","status":"publish","type":"product","link":"https:\/\/wrapstore.mx\/es\/product\/curso-de-wrap-2025\/","title":{"rendered":"Curso de Wrap 2025"},"content":{"rendered":"<p>Curso de Wrapping\u00a0 2025<\/p>\n<p>Temario Curso Wrap<\/p>\n<ul>\n<li>Breve teor\u00eda indispensable para un entendimiento total de los tipos de materiales, herramientas y temperaturas pre y post calentamiento.<\/li>\n<\/ul>\n<div><\/div>\n<ul>\n<li>Aplicaciones con materiales calandrados premium de color s\u00f3lido. Pr\u00e1cticas en zonas planas como cofre, toldos y salpicaderas<\/li>\n<\/ul>\n<div><\/div>\n<ul>\n<li>Aplicaci\u00f3n en zonas con alta complejidad como fascias, espejos laterales y\u00a0 manijas. Demostraci\u00f3n y pr\u00e1ctica.<\/li>\n<\/ul>\n<div><\/div>\n<ul>\n<li>Ubicaci\u00f3n de puntos cr\u00edticos, lectura de estructuras.\u00a0 Entendimiento de un proceso integral\u00a0 para lograr el \u00e9xito. C\u00f3mo medir y hacer rendir los materiales con y sin laminar.<\/li>\n<\/ul>\n<div><\/div>\n<ul>\n<li>El curso incluye 3 d\u00edas de 9am a 5pm desayuno y comida de los 3 d\u00edas, kit b\u00e1sico de instalaci\u00f3n. Entrega de reconocimiento de participaci\u00f3n.<\/li>\n<\/ul>\n<div><\/div>\n<div><\/div>\n<ul>\n<li>El curso est\u00e1 dirigido a todo p\u00fablico con o sin experiencia.<\/li>\n<\/ul>","protected":false},"excerpt":{"rendered":"<p>Curso de Wrapping\u00a0 2025 Temario Curso Wrap Breve teor\u00eda indispensable para un entendimiento total de los tipos de materiales, herramientas y temperaturas pre y post calentamiento. Aplicaciones con materiales calandrados&hellip;<\/p>","protected":false},"featured_media":41716,"comment_status":"open","ping_status":"closed","template":"","meta":[],"product_brand":[],"product_cat":[331],"product_tag":[],"class_list":{"0":"post-41088","1":"product","2":"type-product","3":"status-publish","4":"has-post-thumbnail","6":"product_cat-cursos","8":"first","9":"instock","10":"virtual","11":"purchasable","12":"product-type-simple"},"_links":{"self":[{"href":"https:\/\/wrapstore.mx\/es\/wp-json\/wp\/v2\/product\/41088","targetHints":{"allow":["GET"]}}],"collection":[{"href":"https:\/\/wrapstore.mx\/es\/wp-json\/wp\/v2\/product"}],"about":[{"href":"https:\/\/wrapstore.mx\/es\/wp-json\/wp\/v2\/types\/product"}],"replies":[{"embeddable":true,"href":"https:\/\/wrapstore.mx\/es\/wp-json\/wp\/v2\/comments?post=41088"}],"wp:featuredmedia":[{"embeddable":true,"href":"https:\/\/wrapstore.mx\/es\/wp-json\/wp\/v2\/media\/41716"}],"wp:attachment":[{"href":"https:\/\/wrapstore.mx\/es\/wp-json\/wp\/v2\/media?parent=41088"}],"wp:term":[{"taxonomy":"product_brand","embeddable":true,"href":"https:\/\/wrapstore.mx\/es\/wp-json\/wp\/v2\/product_brand?post=41088"},{"taxonomy":"product_cat","embeddable":true,"href":"https:\/\/wrapstore.mx\/es\/wp-json\/wp\/v2\/product_cat?post=41088"},{"taxonomy":"product_tag","embeddable":true,"href":"https:\/\/wrapstore.mx\/es\/wp-json\/wp\/v2\/product_tag?post=41088"}],"curies":[{"name":"wp","href":"https:\/\/api.w.org\/{rel}","templated":true}]}}