{"id":41087,"date":"2025-04-28T23:26:28","date_gmt":"2025-04-28T23:26:28","guid":{"rendered":"https:\/\/wrapstore.mx?post_type=product&#038;p=41087"},"modified":"2025-08-06T19:36:41","modified_gmt":"2025-08-06T19:36:41","slug":"vaina-mediana-63-8114","status":"publish","type":"product","link":"https:\/\/wrapstore.mx\/es\/product\/vaina-mediana-63-8114\/","title":{"rendered":"VAINA MEDIANA 63-8114"},"content":{"rendered":"<p class=\"p1\">ACERCA DE LA BOLSA DE HERRAMIENTAS<\/p>\n<p class=\"p1\">La bolsa de herramientas mediana tiene capacidad para almacenar los art\u00edculos m\u00e1s necesarios del profesional.<\/p>\n<p class=\"p1\">Medium Tool Pouch est\u00e1 creado para la necesidad del profesional del embalaje de estar siempre con todas las herramientas a mano, ser m\u00e1s \u00e1gil y c\u00f3modo.<\/p>\n<p class=\"p1\">Con su tama\u00f1o mediano, la bolsa Exfak tiene capacidad para varias rasquetas, cuchillos (tanto de tama\u00f1o grande como peque\u00f1o), caja de hojas, tijeras y otros productos. En el exterior de la ri\u00f1onera, dise\u00f1amos una placa de metal para los imanes para que siempre puedan permanecer juntos, manteni\u00e9ndolo organizado. Tambi\u00e9n con posibilidad de colgar cintas m\u00e9tricas y pulverizadores en sus asas laterales.<\/p>\n<p class=\"p1\">USO DE LA BOLSA DE HERRAMIENTAS MEDIANA EXFAK<\/p>\n<p class=\"p1\">El bolso mediano Exfak se puede llevar mediante una correa (incluida) en la cintura. O bien, se puede colgar de un lazo en el cintur\u00f3n del usuario. Hecho para todos los profesionales de la comunicaci\u00f3n visual.<\/p>\n<p class=\"p1\">\u00bfQuieres saber m\u00e1s sobre este producto? S\u00edguenos en las Redes Sociales, mira nuestros videos, mira nuestras fotos y con\u00f3cenos mejor.<\/p>","protected":false},"excerpt":{"rendered":"<p class=\"p1\">ACERCA DE LA BOLSA DE HERRAMIENTAS<\/p>\n<p class=\"p1\">La bolsa de herramientas mediana tiene capacidad para almacenar los art\u00edculos m\u00e1s necesarios del profesional.<\/p>\n<p class=\"p1\">","protected":false},"featured_media":41188,"comment_status":"open","ping_status":"closed","template":"","meta":[],"product_brand":[],"product_cat":[348,330],"product_tag":[],"class_list":{"0":"post-41087","1":"product","2":"type-product","3":"status-publish","4":"has-post-thumbnail","6":"product_cat-bolsas-y-mochilas","7":"product_cat-herramientas","9":"first","10":"instock","11":"shipping-taxable","12":"purchasable","13":"product-type-simple"},"_links":{"self":[{"href":"https:\/\/wrapstore.mx\/es\/wp-json\/wp\/v2\/product\/41087","targetHints":{"allow":["GET"]}}],"collection":[{"href":"https:\/\/wrapstore.mx\/es\/wp-json\/wp\/v2\/product"}],"about":[{"href":"https:\/\/wrapstore.mx\/es\/wp-json\/wp\/v2\/types\/product"}],"replies":[{"embeddable":true,"href":"https:\/\/wrapstore.mx\/es\/wp-json\/wp\/v2\/comments?post=41087"}],"wp:featuredmedia":[{"embeddable":true,"href":"https:\/\/wrapstore.mx\/es\/wp-json\/wp\/v2\/media\/41188"}],"wp:attachment":[{"href":"https:\/\/wrapstore.mx\/es\/wp-json\/wp\/v2\/media?parent=41087"}],"wp:term":[{"taxonomy":"product_brand","embeddable":true,"href":"https:\/\/wrapstore.mx\/es\/wp-json\/wp\/v2\/product_brand?post=41087"},{"taxonomy":"product_cat","embeddable":true,"href":"https:\/\/wrapstore.mx\/es\/wp-json\/wp\/v2\/product_cat?post=41087"},{"taxonomy":"product_tag","embeddable":true,"href":"https:\/\/wrapstore.mx\/es\/wp-json\/wp\/v2\/product_tag?post=41087"}],"curies":[{"name":"wp","href":"https:\/\/api.w.org\/{rel}","templated":true}]}}