{"id":41051,"date":"2025-04-28T23:26:05","date_gmt":"2025-04-28T23:26:05","guid":{"rendered":"https:\/\/wrapstore.mx?post_type=product&#038;p=41051"},"modified":"2025-08-06T19:39:31","modified_gmt":"2025-08-06T19:39:31","slug":"vaina-pequena-50-17326","status":"publish","type":"product","link":"https:\/\/wrapstore.mx\/es\/product\/vaina-pequena-50-17326\/","title":{"rendered":"VAINA PEQUE\u00d1A 50-17326"},"content":{"rendered":"<p class=\"p1\">ACERCA DE LA BOLSA DE HERRAMIENTAS<\/p>\n<p class=\"p1\">La peque\u00f1a bolsa de herramientas tiene capacidad para almacenar los elementos m\u00e1s necesarios del profesional. Esta bolsa te ayudar\u00e1 a mejorar el rendimiento en tu trabajo, organizar todas tus herramientas y aumentar el v\u00ednculo \u201ccliente \u2013 profesional\u201d.<\/p>\n<p class=\"p1\">USO DE LA BOLSA DE HERRAMIENTAS<\/p>\n<p class=\"p1\">Tool Pouch fue creado para brindarte mayor agilidad y comodidad durante el trabajo. En todo trabajo de comunicaci\u00f3n visual utilizamos las herramientas necesarias para su ejecuci\u00f3n. Herramientas como rasquetas, navajas, cintas m\u00e9tricas, bol\u00edgrafos, rasquetas especiales.<\/p>\n<p class=\"p1\">\u00bfQuieres saber m\u00e1s sobre este producto? S\u00edguenos en las Redes Sociales, mira nuestros videos, mira nuestras fotos y con\u00f3cenos mejor.<\/p>","protected":false},"excerpt":{"rendered":"<p class=\"p1\">ACERCA DE LA BOLSA DE HERRAMIENTAS<\/p>\n<p class=\"p1\">La peque\u00f1a bolsa de herramientas tiene capacidad para almacenar los elementos m\u00e1s necesarios del profesional. Esta bolsa te ayudar\u00e1 a mejorar el rendimiento en tu trabajo, organizar todas tus herramientas y aumentar el v\u00ednculo \u201ccliente \u2013 profesional\u201d.<\/p>\n<p class=\"p1\">USO DE LA BOLSA DE HERRAMIENTAS<\/p>\n<p class=\"p1\">Tool Pouch fue creado para brindarte mayor agilidad y comodidad durante el trabajo. En todo trabajo de comunicaci\u00f3n visual utilizamos las herramientas necesarias para su ejecuci\u00f3n. Herramientas como rasquetas, navajas, cintas m\u00e9tricas, bol\u00edgrafos, rasquetas especiales.<\/p>\n<p class=\"p1\">\u00bfQuieres saber m\u00e1s sobre este producto? S\u00edguenos en las Redes Sociales, mira nuestros videos, mira nuestras fotos y con\u00f3cenos mejor.<\/p>","protected":false},"featured_media":41187,"comment_status":"open","ping_status":"closed","template":"","meta":[],"product_brand":[],"product_cat":[348,330],"product_tag":[],"class_list":{"0":"post-41051","1":"product","2":"type-product","3":"status-publish","4":"has-post-thumbnail","6":"product_cat-bolsas-y-mochilas","7":"product_cat-herramientas","9":"first","10":"instock","11":"shipping-taxable","12":"purchasable","13":"product-type-simple"},"_links":{"self":[{"href":"https:\/\/wrapstore.mx\/es\/wp-json\/wp\/v2\/product\/41051","targetHints":{"allow":["GET"]}}],"collection":[{"href":"https:\/\/wrapstore.mx\/es\/wp-json\/wp\/v2\/product"}],"about":[{"href":"https:\/\/wrapstore.mx\/es\/wp-json\/wp\/v2\/types\/product"}],"replies":[{"embeddable":true,"href":"https:\/\/wrapstore.mx\/es\/wp-json\/wp\/v2\/comments?post=41051"}],"wp:featuredmedia":[{"embeddable":true,"href":"https:\/\/wrapstore.mx\/es\/wp-json\/wp\/v2\/media\/41187"}],"wp:attachment":[{"href":"https:\/\/wrapstore.mx\/es\/wp-json\/wp\/v2\/media?parent=41051"}],"wp:term":[{"taxonomy":"product_brand","embeddable":true,"href":"https:\/\/wrapstore.mx\/es\/wp-json\/wp\/v2\/product_brand?post=41051"},{"taxonomy":"product_cat","embeddable":true,"href":"https:\/\/wrapstore.mx\/es\/wp-json\/wp\/v2\/product_cat?post=41051"},{"taxonomy":"product_tag","embeddable":true,"href":"https:\/\/wrapstore.mx\/es\/wp-json\/wp\/v2\/product_tag?post=41051"}],"curies":[{"name":"wp","href":"https:\/\/api.w.org\/{rel}","templated":true}]}}