{"id":41050,"date":"2025-04-28T23:26:05","date_gmt":"2025-04-28T23:26:05","guid":{"rendered":"https:\/\/wrapstore.mx?post_type=product&#038;p=41050"},"modified":"2025-04-28T23:27:17","modified_gmt":"2025-04-28T23:27:17","slug":"estuche-de-herramientas-de-velcro-63-2131","status":"publish","type":"product","link":"https:\/\/wrapstore.mx\/es\/product\/estuche-de-herramientas-de-velcro-63-2131\/","title":{"rendered":"Estuche de herramientas de velcro  63-2131"},"content":{"rendered":"<p class=\"p1\">Contiene 15 compartimentos en el\u00e1stico s\u00faper resistente para llevar rasquetas, navajas, bol\u00edgrafos y otras herramientas de embalaje. Cierre con velcro.<\/p>","protected":false},"excerpt":{"rendered":"<p class=\"p1\">Contiene 15 compartimentos en el\u00e1stico s\u00faper resistente para llevar rasquetas, navajas, bol\u00edgrafos y otras herramientas de embalaje. Cierre con velcro.<\/p>","protected":false},"featured_media":41185,"comment_status":"open","ping_status":"closed","template":"","meta":[],"product_brand":[],"product_cat":[330],"product_tag":[],"class_list":{"0":"post-41050","1":"product","2":"type-product","3":"status-publish","4":"has-post-thumbnail","6":"product_cat-herramientas","8":"first","9":"instock","10":"shipping-taxable","11":"purchasable","12":"product-type-simple"},"_links":{"self":[{"href":"https:\/\/wrapstore.mx\/es\/wp-json\/wp\/v2\/product\/41050","targetHints":{"allow":["GET"]}}],"collection":[{"href":"https:\/\/wrapstore.mx\/es\/wp-json\/wp\/v2\/product"}],"about":[{"href":"https:\/\/wrapstore.mx\/es\/wp-json\/wp\/v2\/types\/product"}],"replies":[{"embeddable":true,"href":"https:\/\/wrapstore.mx\/es\/wp-json\/wp\/v2\/comments?post=41050"}],"wp:featuredmedia":[{"embeddable":true,"href":"https:\/\/wrapstore.mx\/es\/wp-json\/wp\/v2\/media\/41185"}],"wp:attachment":[{"href":"https:\/\/wrapstore.mx\/es\/wp-json\/wp\/v2\/media?parent=41050"}],"wp:term":[{"taxonomy":"product_brand","embeddable":true,"href":"https:\/\/wrapstore.mx\/es\/wp-json\/wp\/v2\/product_brand?post=41050"},{"taxonomy":"product_cat","embeddable":true,"href":"https:\/\/wrapstore.mx\/es\/wp-json\/wp\/v2\/product_cat?post=41050"},{"taxonomy":"product_tag","embeddable":true,"href":"https:\/\/wrapstore.mx\/es\/wp-json\/wp\/v2\/product_tag?post=41050"}],"curies":[{"name":"wp","href":"https:\/\/api.w.org\/{rel}","templated":true}]}}