{"id":41049,"date":"2025-04-28T23:26:05","date_gmt":"2025-04-28T23:26:05","guid":{"rendered":"https:\/\/wrapstore.mx?post_type=product&#038;p=41049"},"modified":"2025-08-06T19:39:21","modified_gmt":"2025-08-06T19:39:21","slug":"pulsera-portaherramientas-exfak-con-6-imanes-63-2016","status":"publish","type":"product","link":"https:\/\/wrapstore.mx\/es\/product\/pulsera-portaherramientas-exfak-con-6-imanes-63-2016\/","title":{"rendered":"Pulsera portaherramientas Exfak con 6 imanes 63-2016"},"content":{"rendered":"<p class=\"p1\">ACERCA DE LA PULSERA PORTA HERRAMIENTAS EXFAK<\/p>\n<p class=\"p1\">La pulsera Exfak es un portaherramientas con capacidad para guardar los elementos de mayor necesidad del profesional.<\/p>\n<p class=\"p1\">Nuestra pulsera portaherramientas se desarroll\u00f3 bas\u00e1ndose en nuestra creencia de que cuanto m\u00e1s f\u00e1cil lleguemos a esa herramienta esencial, m\u00e1s r\u00e1pido terminaremos el trabajo.<\/p>\n<p class=\"p1\">Pulsera c\u00f3moda, con bolsillos para navajas, rasquetas de muchos tama\u00f1os e incluso para herramientas magn\u00e9ticas.<\/p>","protected":false},"excerpt":{"rendered":"<p class=\"p1\">ACERCA DE LA PULSERA PORTA HERRAMIENTAS EXFAK<\/p>\n<p class=\"p1\">La pulsera Exfak es un portaherramientas con capacidad para guardar los elementos de mayor necesidad del profesional.<\/p>\n<p class=\"p1\">Nuestra pulsera portaherramientas se desarroll\u00f3 bas\u00e1ndose en nuestra creencia de que cuanto m\u00e1s f\u00e1cil lleguemos a esa herramienta esencial, m\u00e1s r\u00e1pido terminaremos el trabajo.<\/p>\n<p class=\"p1\">Pulsera c\u00f3moda, con bolsillos para navajas, rasquetas de muchos tama\u00f1os e incluso para herramientas magn\u00e9ticas.<\/p>","protected":false},"featured_media":41183,"comment_status":"open","ping_status":"closed","template":"","meta":[],"product_brand":[],"product_cat":[330,341],"product_tag":[],"class_list":{"0":"post-41049","1":"product","2":"type-product","3":"status-publish","4":"has-post-thumbnail","6":"product_cat-herramientas","7":"product_cat-imanes","9":"first","10":"instock","11":"shipping-taxable","12":"purchasable","13":"product-type-simple"},"_links":{"self":[{"href":"https:\/\/wrapstore.mx\/es\/wp-json\/wp\/v2\/product\/41049","targetHints":{"allow":["GET"]}}],"collection":[{"href":"https:\/\/wrapstore.mx\/es\/wp-json\/wp\/v2\/product"}],"about":[{"href":"https:\/\/wrapstore.mx\/es\/wp-json\/wp\/v2\/types\/product"}],"replies":[{"embeddable":true,"href":"https:\/\/wrapstore.mx\/es\/wp-json\/wp\/v2\/comments?post=41049"}],"wp:featuredmedia":[{"embeddable":true,"href":"https:\/\/wrapstore.mx\/es\/wp-json\/wp\/v2\/media\/41183"}],"wp:attachment":[{"href":"https:\/\/wrapstore.mx\/es\/wp-json\/wp\/v2\/media?parent=41049"}],"wp:term":[{"taxonomy":"product_brand","embeddable":true,"href":"https:\/\/wrapstore.mx\/es\/wp-json\/wp\/v2\/product_brand?post=41049"},{"taxonomy":"product_cat","embeddable":true,"href":"https:\/\/wrapstore.mx\/es\/wp-json\/wp\/v2\/product_cat?post=41049"},{"taxonomy":"product_tag","embeddable":true,"href":"https:\/\/wrapstore.mx\/es\/wp-json\/wp\/v2\/product_tag?post=41049"}],"curies":[{"name":"wp","href":"https:\/\/api.w.org\/{rel}","templated":true}]}}