{"id":41047,"date":"2025-04-28T23:26:04","date_gmt":"2025-04-28T23:26:04","guid":{"rendered":"https:\/\/wrapstore.mx?post_type=product&#038;p=41047"},"modified":"2025-08-06T19:41:24","modified_gmt":"2025-08-06T19:41:24","slug":"guantes-resistentes-al-corte-40-2005-r","status":"publish","type":"product","link":"https:\/\/wrapstore.mx\/es\/product\/guantes-resistentes-al-corte-40-2005-r\/","title":{"rendered":"Guantes resistentes al corte \u2013 40-2005 R"},"content":{"rendered":"<p>Guantes resistentes al corte \u2013 40-2005 R<\/p>\n<p class=\"p1\">M\u00e1ximo nivel de resistencia al corte, certificado por el Ministerio de Trabajo, guante dise\u00f1ado para proteger al usuario contra cortes por cuchillos utilitarios, navajas, cortadoras manuales. Cuando se transporta una hoja de vidrio, la mesa se coloca con cuidado, pero el vidrio se resbala y se rompe, el trabajador sin el guante podr\u00eda sufrir lesiones graves y posiblemente ser llevado a urgencias para que le den puntos o algo m\u00e1s grave. Al usar un guante Exfak resistente a cortes nivel 5, ese mismo trabajador estar\u00eda 100% protegido por \u00e9l. Cuando se utilizan guantes de ba\u00f1o de PU, el usuario tiene m\u00e1s agarre al sujetar piezas de vidrio, l\u00e1minas de metal y l\u00e1minas de PS. Guante con m\u00e1ximo nivel de tacto, pudiendo incluso utilizar el m\u00f3vil y escribir con \u00e9l.<\/p>","protected":false},"excerpt":{"rendered":"<p>Guantes resistentes al corte \u2013 40-2005 R<\/p>\n<p class=\"p1\">M\u00e1ximo nivel de resistencia al corte, certificado por el Ministerio de Trabajo, guante dise\u00f1ado para proteger al usuario contra cortes por cuchillos utilitarios, navajas, cortadoras manuales. Cuando se transporta una hoja de vidrio, la mesa se coloca con cuidado, pero el vidrio se resbala y se rompe, el trabajador sin el guante podr\u00eda sufrir lesiones graves y posiblemente ser llevado a urgencias para que le den puntos o algo m\u00e1s grave. Al usar un guante Exfak resistente a cortes nivel 5, ese mismo trabajador estar\u00eda 100% protegido por \u00e9l. Cuando se utilizan guantes de ba\u00f1o de PU, el usuario tiene m\u00e1s agarre al sujetar piezas de vidrio, l\u00e1minas de metal y l\u00e1minas de PS. Guante con m\u00e1ximo nivel de tacto, pudiendo incluso utilizar el m\u00f3vil y escribir con \u00e9l.<\/p>","protected":false},"featured_media":41181,"comment_status":"open","ping_status":"closed","template":"","meta":[],"product_brand":[],"product_cat":[347,330],"product_tag":[],"class_list":{"0":"post-41047","1":"product","2":"type-product","3":"status-publish","4":"has-post-thumbnail","6":"product_cat-guantes","7":"product_cat-herramientas","9":"first","10":"instock","11":"shipping-taxable","12":"purchasable","13":"product-type-simple"},"_links":{"self":[{"href":"https:\/\/wrapstore.mx\/es\/wp-json\/wp\/v2\/product\/41047","targetHints":{"allow":["GET"]}}],"collection":[{"href":"https:\/\/wrapstore.mx\/es\/wp-json\/wp\/v2\/product"}],"about":[{"href":"https:\/\/wrapstore.mx\/es\/wp-json\/wp\/v2\/types\/product"}],"replies":[{"embeddable":true,"href":"https:\/\/wrapstore.mx\/es\/wp-json\/wp\/v2\/comments?post=41047"}],"wp:featuredmedia":[{"embeddable":true,"href":"https:\/\/wrapstore.mx\/es\/wp-json\/wp\/v2\/media\/41181"}],"wp:attachment":[{"href":"https:\/\/wrapstore.mx\/es\/wp-json\/wp\/v2\/media?parent=41047"}],"wp:term":[{"taxonomy":"product_brand","embeddable":true,"href":"https:\/\/wrapstore.mx\/es\/wp-json\/wp\/v2\/product_brand?post=41047"},{"taxonomy":"product_cat","embeddable":true,"href":"https:\/\/wrapstore.mx\/es\/wp-json\/wp\/v2\/product_cat?post=41047"},{"taxonomy":"product_tag","embeddable":true,"href":"https:\/\/wrapstore.mx\/es\/wp-json\/wp\/v2\/product_tag?post=41047"}],"curies":[{"name":"wp","href":"https:\/\/api.w.org\/{rel}","templated":true}]}}