{"id":41046,"date":"2025-04-28T23:26:04","date_gmt":"2025-04-28T23:26:04","guid":{"rendered":"https:\/\/wrapstore.mx?post_type=product&#038;p=41046"},"modified":"2025-08-06T19:41:51","modified_gmt":"2025-08-06T19:41:51","slug":"guante-profesional-40-2000sp","status":"publish","type":"product","link":"https:\/\/wrapstore.mx\/es\/product\/guante-profesional-40-2000sp\/","title":{"rendered":"Guante Profesional 40-2000sp"},"content":{"rendered":"<p>Guante Profesional 40-2000sp<\/p>\n<p class=\"p1\">Guante de alta resistencia al corte, producto certificado nivel 5 por el Ministerio de Trabajo. Es un guante con un dise\u00f1o moderno perfecto para trabajos de comunicaci\u00f3n visual en general, envolventes, desarrollo de fachadas, recortes, etc.<\/p>\n<p class=\"p1\">\u00a1Este guante ser\u00e1 tu protecci\u00f3n cuando se trata de cuchillos multiusos! Al cortar vinilo sobre una superficie, es muy com\u00fan que el cortador se escape, corte la mano del usuario y se lastime. Hay tantos casos de riesgo que se necesitan puntos para cerrar el corte. Para evitar que esto suceda, Exfak ha desarrollado guantes resistentes a cortes, con el fin de proteger al usuario de situaciones desagradables.<\/p>","protected":false},"excerpt":{"rendered":"<p>Guante Profesional 40-2000sp<\/p>\n<p class=\"p1\">Guante de alta resistencia al corte, producto certificado nivel 5 por el Ministerio de Trabajo. Es un guante con un dise\u00f1o moderno perfecto para trabajos de comunicaci\u00f3n visual en general, envolventes, desarrollo de fachadas, recortes, etc.<\/p>","protected":false},"featured_media":41180,"comment_status":"open","ping_status":"closed","template":"","meta":[],"product_brand":[],"product_cat":[347,330],"product_tag":[],"class_list":{"0":"post-41046","1":"product","2":"type-product","3":"status-publish","4":"has-post-thumbnail","6":"product_cat-guantes","7":"product_cat-herramientas","9":"first","10":"instock","11":"shipping-taxable","12":"purchasable","13":"product-type-simple"},"_links":{"self":[{"href":"https:\/\/wrapstore.mx\/es\/wp-json\/wp\/v2\/product\/41046","targetHints":{"allow":["GET"]}}],"collection":[{"href":"https:\/\/wrapstore.mx\/es\/wp-json\/wp\/v2\/product"}],"about":[{"href":"https:\/\/wrapstore.mx\/es\/wp-json\/wp\/v2\/types\/product"}],"replies":[{"embeddable":true,"href":"https:\/\/wrapstore.mx\/es\/wp-json\/wp\/v2\/comments?post=41046"}],"wp:featuredmedia":[{"embeddable":true,"href":"https:\/\/wrapstore.mx\/es\/wp-json\/wp\/v2\/media\/41180"}],"wp:attachment":[{"href":"https:\/\/wrapstore.mx\/es\/wp-json\/wp\/v2\/media?parent=41046"}],"wp:term":[{"taxonomy":"product_brand","embeddable":true,"href":"https:\/\/wrapstore.mx\/es\/wp-json\/wp\/v2\/product_brand?post=41046"},{"taxonomy":"product_cat","embeddable":true,"href":"https:\/\/wrapstore.mx\/es\/wp-json\/wp\/v2\/product_cat?post=41046"},{"taxonomy":"product_tag","embeddable":true,"href":"https:\/\/wrapstore.mx\/es\/wp-json\/wp\/v2\/product_tag?post=41046"}],"curies":[{"name":"wp","href":"https:\/\/api.w.org\/{rel}","templated":true}]}}